{"id":814,"date":"2016-09-06T08:39:58","date_gmt":"2016-09-06T08:39:58","guid":{"rendered":"http:\/\/ld-wp.template-help.com\/wordpress_62222_default-sample\/?page_id=814"},"modified":"2025-05-13T14:32:20","modified_gmt":"2025-05-13T17:32:20","slug":"home","status":"publish","type":"page","link":"https:\/\/laboratoriodadepressao.com.br\/consulta\/","title":{"rendered":"Home"},"content":{"rendered":"<p>A sua sa\u00fade Mental \u00c9 nossa prioridade &nbsp; Por Nei Nadvorny e Cristiane Fischer Nadvorny PSIQUIATRA &nbsp; Especialista em depress\u00e3o PSIC\u00d3LOGA &nbsp; Especialista em depress\u00e3o A sua sa\u00fade Mental \u00c9 nossa prioridade &nbsp; Por Nei Nadvorny e Cristiane Fischer Nadvorny P <a href=\"https:\/\/laboratoriodadepressao.com.br\/consulta\/\" title=\"Read more on Home\" class=\"more-link\">read more<\/a><\/p>\n","protected":false},"excerpt":{"rendered":"<p>A sua sa\u00fade Mental \u00c9 nossa prioridade &nbsp; Por Nei Nadvorny e Cristiane Fischer Nadvorny PSIQUIATRA &nbsp; Especialista em depress\u00e3o PSIC\u00d3LOGA &nbsp; Especialista em depress\u00e3o A sua sa\u00fade Mental \u00c9 nossa prioridade &nbsp; Por Nei Nadvorny e Cristiane Fischer Nadvorny P read more<\/p>\n","protected":false},"author":1,"featured_media":0,"parent":0,"menu_order":0,"comment_status":"closed","ping_status":"closed","template":"","meta":[],"_links":{"self":[{"href":"https:\/\/laboratoriodadepressao.com.br\/consulta\/wp-json\/wp\/v2\/pages\/814"}],"collection":[{"href":"https:\/\/laboratoriodadepressao.com.br\/consulta\/wp-json\/wp\/v2\/pages"}],"about":[{"href":"https:\/\/laboratoriodadepressao.com.br\/consulta\/wp-json\/wp\/v2\/types\/page"}],"author":[{"embeddable":true,"href":"https:\/\/laboratoriodadepressao.com.br\/consulta\/wp-json\/wp\/v2\/users\/1"}],"replies":[{"embeddable":true,"href":"https:\/\/laboratoriodadepressao.com.br\/consulta\/wp-json\/wp\/v2\/comments?post=814"}],"version-history":[{"count":143,"href":"https:\/\/laboratoriodadepressao.com.br\/consulta\/wp-json\/wp\/v2\/pages\/814\/revisions"}],"predecessor-version":[{"id":4402,"href":"https:\/\/laboratoriodadepressao.com.br\/consulta\/wp-json\/wp\/v2\/pages\/814\/revisions\/4402"}],"wp:attachment":[{"href":"https:\/\/laboratoriodadepressao.com.br\/consulta\/wp-json\/wp\/v2\/media?parent=814"}],"curies":[{"name":"wp","href":"https:\/\/api.w.org\/{rel}","templated":true}]}}